{"id":101,"date":"2021-03-31T20:52:39","date_gmt":"2021-03-31T20:52:39","guid":{"rendered":"https:\/\/grupodesarrollo.com\/?page_id=101"},"modified":"2023-01-13T12:16:53","modified_gmt":"2023-01-13T12:16:53","slug":"mixes-de-panaderia","status":"publish","type":"page","link":"https:\/\/grupodesarrollo.com\/?page_id=101","title":{"rendered":"MIXES DE PANADER\u00cdA"},"content":{"rendered":"\n<h2 class=\"has-small-font-size wp-block-heading\"><strong>El secreto es la utilizaci\u00f3n de las mejores materias primas y su cuidada combinaci\u00f3n. As\u00ed obtenemos productos de gran calidad, que dan regularidad y seguridad a los profesionales<\/strong><\/h2>\n\n\n\n<figure class=\"wp-block-gallery has-nested-images columns-default is-cropped wp-block-gallery-1 is-layout-flex wp-block-gallery-is-layout-flex\">\n<figure class=\"wp-block-image size-large\"><img loading=\"lazy\" decoding=\"async\" width=\"427\" height=\"281\" data-id=\"188\" src=\"https:\/\/grupodesarrollo.com\/wp-content\/uploads\/2021\/03\/mixes1.png\" alt=\"\" class=\"wp-image-188\" srcset=\"https:\/\/grupodesarrollo.com\/wp-content\/uploads\/2021\/03\/mixes1.png 427w, https:\/\/grupodesarrollo.com\/wp-content\/uploads\/2021\/03\/mixes1-300x197.png 300w\" sizes=\"auto, (max-width: 427px) 100vw, 427px\" \/><\/figure>\n<\/figure>\n\n\n\n<h2 class=\"has-small-font-size wp-block-heading\"><strong>H\u00e1bitos, costumbres y mercado evolucionan demandando nuevos panes especiales, lo que nos abre la puerta a la innovaci\u00f3n y desarrollo de fibras, valores a\u00f1adidos, panes funcionales y prebi\u00f3ticos, y un sinf\u00edn de mixes que nos permite ofrecer la gama m\u00e1s amplia del mercado.<\/strong><\/h2>\n\n\n\n<figure class=\"wp-block-gallery has-nested-images columns-default is-cropped wp-block-gallery-2 is-layout-flex wp-block-gallery-is-layout-flex\">\n<figure class=\"wp-block-image size-large\"><img loading=\"lazy\" decoding=\"async\" width=\"431\" height=\"284\" data-id=\"189\" src=\"https:\/\/grupodesarrollo.com\/wp-content\/uploads\/2021\/03\/mixes2.png\" alt=\"\" class=\"wp-image-189\" srcset=\"https:\/\/grupodesarrollo.com\/wp-content\/uploads\/2021\/03\/mixes2.png 431w, https:\/\/grupodesarrollo.com\/wp-content\/uploads\/2021\/03\/mixes2-300x198.png 300w\" sizes=\"auto, (max-width: 431px) 100vw, 431px\" \/><\/figure>\n<\/figure>\n\n\n\n<div class=\"wp-block-group\"><div class=\"wp-block-group__inner-container is-layout-constrained wp-block-group-is-layout-constrained\">\n<div class=\"wp-block-group\"><div class=\"wp-block-group__inner-container is-layout-constrained wp-block-group-is-layout-constrained\">\n<div class=\"wp-block-columns is-layout-flex wp-container-core-columns-is-layout-9d6595d7 wp-block-columns-is-layout-flex\">\n<div class=\"wp-block-column has-small-font-size is-layout-flow wp-block-column-is-layout-flow\" style=\"flex-basis:100%\">\n<h2 class=\"has-text-align-left has-small-font-size wp-block-heading\"><strong><mark style=\"background-color:rgba(0, 0, 0, 0)\" class=\"has-inline-color has-black-color\">CONCENTRACI\u00d3N 10%<\/mark> <\/strong><\/h2>\n\n\n\n<h2 class=\"has-small-font-size wp-block-heading\"><strong>MIX BAGUETTE 10% <\/strong><\/h2>\n\n\n\n<h2 class=\"has-text-align-left has-small-font-size wp-block-heading\"><strong>MIX BURGUER 10%<\/strong><\/h2>\n\n\n\n<h2 class=\"has-text-align-left has-small-font-size wp-block-heading\"><strong> MIX CHAPATA BLANCA 10% <\/strong><\/h2>\n\n\n\n<h2 class=\"has-text-align-left has-small-font-size wp-block-heading\"><strong>MIX CHAPATA OSCURA 10% <\/strong><\/h2>\n\n\n\n<h2 class=\"has-text-align-left has-small-font-size wp-block-heading\"><strong>MIX GALLEGO 10%<\/strong><\/h2>\n\n\n\n<h2 class=\"has-text-align-left has-small-font-size wp-block-heading\"><strong>MIX MOLDE 10% <\/strong><\/h2>\n\n\n\n<h2 class=\"has-text-align-left has-small-font-size wp-block-heading\"><strong>MIX PAN DE CRISTAL 10% <\/strong><\/h2>\n\n\n\n<h2 class=\"has-text-align-left has-small-font-size wp-block-heading\"><strong>MIX PAN INTEGRAL 10% <\/strong><\/h2>\n\n\n\n<h2 class=\"has-text-align-left has-small-font-size wp-block-heading\"><strong>MIX PAN RUSTICO 10% <\/strong><\/h2>\n\n\n\n<h2 class=\"has-text-align-left has-small-font-size wp-block-heading\"><strong><mark style=\"background-color:rgba(0, 0, 0, 0)\" class=\"has-inline-color has-black-color\">CONCENTRADOS 1+2<\/mark> <\/strong><\/h2>\n\n\n\n<h2 class=\"has-text-align-left has-small-font-size wp-block-heading\"><strong>MIX CENTENO INTEGRAL 1+2 <\/strong><\/h2>\n\n\n\n<h2 class=\"has-text-align-left has-small-font-size wp-block-heading\"><strong>MIX GALLEGO 1+2 <\/strong><\/h2>\n\n\n\n<h2 class=\"has-text-align-left has-small-font-size wp-block-heading\"><strong>MIX MOJO CANARIO 1+2 <\/strong><\/h2>\n\n\n\n<h2 class=\"has-text-align-left has-small-font-size wp-block-heading\"><strong>MIX MULTICEREALES 1+2 <\/strong><\/h2>\n\n\n\n<h2 class=\"has-text-align-left has-small-font-size wp-block-heading\"><strong>MIX MOLDE 1+2 <\/strong><\/h2>\n\n\n\n<h2 class=\"has-text-align-left has-small-font-size wp-block-heading\"><strong>MIX SOJA 1+2 <\/strong><\/h2>\n\n\n\n<h2 class=\"has-text-align-left has-small-font-size wp-block-heading\"><strong>MIX CEBOLLA 1+2 <\/strong><\/h2>\n\n\n\n<h2 class=\"has-text-align-left has-small-font-size wp-block-heading\"><strong>MIXES 50% Y 100% <\/strong><\/h2>\n\n\n\n<h2 class=\"has-text-align-left has-small-font-size wp-block-heading\"><strong>MIX CENTENO ALEMAN 50% <\/strong><\/h2>\n\n\n\n<h2 class=\"has-text-align-left has-small-font-size wp-block-heading\"><strong>MIX PAN MIGA DURA 50% <\/strong><\/h2>\n\n\n\n<h2 class=\"has-text-align-left has-small-font-size wp-block-heading\"><strong>MIX PAN MAIZ 50% <\/strong><\/h2>\n\n\n\n<h2 class=\"has-text-align-left has-small-font-size wp-block-heading\"><strong>MULTIKORN PLUS 50% <\/strong><\/h2>\n\n\n\n<h2 class=\"has-text-align-left has-small-font-size wp-block-heading\"><strong><mark style=\"background-color:rgba(0, 0, 0, 0)\" class=\"has-inline-color has-black-color\">MIXES NUTRACEUTICOS<\/mark> MIX PREBIOPAN 100% <\/strong><\/h2>\n\n\n\n<h2 class=\"has-text-align-left has-small-font-size wp-block-heading\"><strong>MIX VERDE FIBRAS 50% <\/strong><\/h2>\n\n\n\n<h2 class=\"has-text-align-left has-small-font-size wp-block-heading\"><strong>MIX PAN AVENA 1+2 CON FIBRA <\/strong><\/h2>\n\n\n\n<h2 class=\"has-text-align-left has-small-font-size wp-block-heading\"><strong>MIX PAN CHIA 1+2 <\/strong><\/h2>\n\n\n\n<h2 class=\"has-text-align-left has-small-font-size wp-block-heading\"><strong>MIX PAN SIN GLUTEN 100% <\/strong><\/h2>\n\n\n\n<h2 class=\"has-text-align-left has-small-font-size wp-block-heading\"><strong>MIX PAN DE MAIZ PREBIOTICO CALCIO 50%<\/strong><\/h2>\n<\/div>\n<\/div>\n<\/div><\/div>\n<\/div><\/div>\n","protected":false},"excerpt":{"rendered":"<p>El secreto es la utilizaci\u00f3n de las mejores materias primas y su cuidada combinaci\u00f3n. As\u00ed obtenemos productos de gran calidad, que dan regularidad y seguridad a los profesionales H\u00e1bitos, costumbres y mercado evolucionan demandando nuevos panes especiales, lo que nos abre la puerta a la innovaci\u00f3n y desarrollo de fibras, valores a\u00f1adidos, panes funcionales y [&hellip;]<\/p>\n","protected":false},"author":1,"featured_media":0,"parent":0,"menu_order":0,"comment_status":"closed","ping_status":"closed","template":"","meta":{"footnotes":""},"class_list":["post-101","page","type-page","status-publish","hentry","entry"],"_links":{"self":[{"href":"https:\/\/grupodesarrollo.com\/index.php?rest_route=\/wp\/v2\/pages\/101","targetHints":{"allow":["GET"]}}],"collection":[{"href":"https:\/\/grupodesarrollo.com\/index.php?rest_route=\/wp\/v2\/pages"}],"about":[{"href":"https:\/\/grupodesarrollo.com\/index.php?rest_route=\/wp\/v2\/types\/page"}],"author":[{"embeddable":true,"href":"https:\/\/grupodesarrollo.com\/index.php?rest_route=\/wp\/v2\/users\/1"}],"replies":[{"embeddable":true,"href":"https:\/\/grupodesarrollo.com\/index.php?rest_route=%2Fwp%2Fv2%2Fcomments&post=101"}],"version-history":[{"count":7,"href":"https:\/\/grupodesarrollo.com\/index.php?rest_route=\/wp\/v2\/pages\/101\/revisions"}],"predecessor-version":[{"id":379,"href":"https:\/\/grupodesarrollo.com\/index.php?rest_route=\/wp\/v2\/pages\/101\/revisions\/379"}],"wp:attachment":[{"href":"https:\/\/grupodesarrollo.com\/index.php?rest_route=%2Fwp%2Fv2%2Fmedia&parent=101"}],"curies":[{"name":"wp","href":"https:\/\/api.w.org\/{rel}","templated":true}]}}