{"id":110,"date":"2021-03-31T20:58:06","date_gmt":"2021-03-31T20:58:06","guid":{"rendered":"https:\/\/grupodesarrollo.com\/?page_id=110"},"modified":"2023-01-19T11:34:09","modified_gmt":"2023-01-19T11:34:09","slug":"mejorantes-2","status":"publish","type":"page","link":"https:\/\/grupodesarrollo.com\/?page_id=110","title":{"rendered":"MEJORANTES"},"content":{"rendered":"\n<h2 class=\"has-small-font-size wp-block-heading\"><strong>En nuestros mejorantes se ponen en pr\u00e1ctica las m\u00e1s novedosas materias primas, siendo vanguardia en combinaciones enzim\u00e1ticas, utilizaci\u00f3n de emulsionantes y antioxidantes.<\/strong><\/h2>\n\n\n\n<figure class=\"wp-block-gallery has-nested-images columns-default is-cropped wp-block-gallery-1 is-layout-flex wp-block-gallery-is-layout-flex\">\n<figure class=\"wp-block-image size-large\"><img loading=\"lazy\" decoding=\"async\" width=\"421\" height=\"266\" data-id=\"178\" src=\"https:\/\/grupodesarrollo.com\/wp-content\/uploads\/2021\/03\/mejorantes.png\" alt=\"\" class=\"wp-image-178\" srcset=\"https:\/\/grupodesarrollo.com\/wp-content\/uploads\/2021\/03\/mejorantes.png 421w, https:\/\/grupodesarrollo.com\/wp-content\/uploads\/2021\/03\/mejorantes-300x190.png 300w\" sizes=\"auto, (max-width: 421px) 100vw, 421px\" \/><\/figure>\n<\/figure>\n\n\n\n<h2 class=\"has-small-font-size wp-block-heading\"><strong>La busqueda permanente de las materias primas m\u00e1s naturales, hacen a Grupo Desarrollo acreedor de un alto respeto por el medio ambiente<\/strong><\/h2>\n\n\n\n<figure class=\"wp-block-gallery has-nested-images columns-default is-cropped wp-block-gallery-2 is-layout-flex wp-block-gallery-is-layout-flex\">\n<figure class=\"wp-block-image size-large\"><img loading=\"lazy\" decoding=\"async\" width=\"419\" height=\"278\" data-id=\"184\" src=\"https:\/\/grupodesarrollo.com\/wp-content\/uploads\/2021\/03\/mejorantes2.png\" alt=\"\" class=\"wp-image-184\" srcset=\"https:\/\/grupodesarrollo.com\/wp-content\/uploads\/2021\/03\/mejorantes2.png 419w, https:\/\/grupodesarrollo.com\/wp-content\/uploads\/2021\/03\/mejorantes2-300x199.png 300w\" sizes=\"auto, (max-width: 419px) 100vw, 419px\" \/><\/figure>\n<\/figure>\n\n\n\n<div class=\"wp-block-group\"><div class=\"wp-block-group__inner-container is-layout-constrained wp-block-group-is-layout-constrained\">\n<h2 class=\"has-small-font-size wp-block-heading\">ALBERO:<strong> Indicado para fermentaciones largas y controladas <\/strong><\/h2>\n<\/div><\/div>\n\n\n\n<h2 class=\"has-small-font-size wp-block-heading\">ALEX:<strong> Act\u00faa como regulador de harinas <\/strong><\/h2>\n\n\n\n<h2 class=\"has-small-font-size wp-block-heading\">CICL\u00d3N:<strong> Alta concentraci\u00f3n, potencia el aroma y sabor <\/strong><\/h2>\n\n\n\n<h2 class=\"has-small-font-size wp-block-heading\">CONGELACION GLACIAL INDUSTRIAL: <strong>Responde a periodos largos de congelaci\u00f3n <\/strong><\/h2>\n\n\n\n<h2 class=\"has-small-font-size wp-block-heading\">CONGELACION GLACIAL EXPRESS: <strong>Masas fermentadas congeladas, aporte de gas carb\u00f3nico <\/strong><\/h2>\n\n\n\n<h2 class=\"has-small-font-size wp-block-heading\">ENZIPLUS: <strong> Para ambientes h\u00famedos y l\u00edneas autom\u00e1ticas<\/strong> <\/h2>\n\n\n\n<h2 class=\"has-small-font-size wp-block-heading\">EX23:<strong> Nueva generaci\u00f3n, ideal en ambientes h\u00famedos y panes correosos, potencia sabor y aroma <\/strong><\/h2>\n\n\n\n<h2 class=\"has-small-font-size wp-block-heading\">EX25: <strong>Nueva generaci\u00f3n, ideal en ambientes h\u00famedos y panes correosos, potencia sabor y aroma <\/strong><\/h2>\n\n\n\n<h2 class=\"has-small-font-size wp-block-heading\">F.CHIVA: <strong>Respuesta excelente en la elasticidad <\/strong><\/h2>\n\n\n\n<h2 class=\"has-small-font-size wp-block-heading\">FERCOPAN:<strong> Indicado para fermentaci\u00f3n controlada<\/strong> <\/h2>\n\n\n\n<h2 class=\"has-small-font-size wp-block-heading\">LECITIN PLUS: <strong>Desconcentrado alto contenido lecitina<\/strong><\/h2>\n\n\n\n<h2 class=\"has-small-font-size wp-block-heading\">MOLDE INDUSTRIAL 2% PLUS: <strong>Da ternor y retiene la hidrataci\u00f3n, gran rendimiento <\/strong><\/h2>\n\n\n\n<h2 class=\"has-small-font-size wp-block-heading\">PRECOCIDO INDUSTRIAL: <strong>Evita la retrogradaci\u00f3n de los almidones <\/strong><\/h2>\n\n\n\n<h2 class=\"has-small-font-size wp-block-heading\">REGINA: <strong>Indicado para el pan correoso y hornos rotatos <\/strong><\/h2>\n\n\n\n<h2 class=\"has-small-font-size wp-block-heading\">SIN E: <strong>Mejorante etiqueta limpia<\/strong><\/h2>\n\n\n\n<h2 class=\"has-small-font-size wp-block-heading\">SIROCCO:<strong> Indicado para ambientes h\u00famedos y panes correosos <\/strong><\/h2>\n\n\n\n<h2 class=\"has-small-font-size wp-block-heading\">TORNADO:<strong> Lecitinado, gran respuesta en todo tipo de amasado <\/strong><\/h2>\n\n\n\n<h2 class=\"has-small-font-size wp-block-heading\">TRIVALENTE:<strong> Para cualquier tipo de proceso <\/strong><\/h2>\n\n\n\n<h2 class=\"has-small-font-size wp-block-heading\">VICTORIA:<strong> Indicado para ambientes h\u00famedos y panes correosos<\/strong><\/h2>\n","protected":false},"excerpt":{"rendered":"<p>En nuestros mejorantes se ponen en pr\u00e1ctica las m\u00e1s novedosas materias primas, siendo vanguardia en combinaciones enzim\u00e1ticas, utilizaci\u00f3n de emulsionantes y antioxidantes. La busqueda permanente de las materias primas m\u00e1s naturales, hacen a Grupo Desarrollo acreedor de un alto respeto por el medio ambiente ALBERO: Indicado para fermentaciones largas y controladas ALEX: Act\u00faa como regulador [&hellip;]<\/p>\n","protected":false},"author":1,"featured_media":0,"parent":0,"menu_order":0,"comment_status":"closed","ping_status":"closed","template":"","meta":{"footnotes":""},"class_list":["post-110","page","type-page","status-publish","hentry","entry"],"_links":{"self":[{"href":"https:\/\/grupodesarrollo.com\/index.php?rest_route=\/wp\/v2\/pages\/110","targetHints":{"allow":["GET"]}}],"collection":[{"href":"https:\/\/grupodesarrollo.com\/index.php?rest_route=\/wp\/v2\/pages"}],"about":[{"href":"https:\/\/grupodesarrollo.com\/index.php?rest_route=\/wp\/v2\/types\/page"}],"author":[{"embeddable":true,"href":"https:\/\/grupodesarrollo.com\/index.php?rest_route=\/wp\/v2\/users\/1"}],"replies":[{"embeddable":true,"href":"https:\/\/grupodesarrollo.com\/index.php?rest_route=%2Fwp%2Fv2%2Fcomments&post=110"}],"version-history":[{"count":19,"href":"https:\/\/grupodesarrollo.com\/index.php?rest_route=\/wp\/v2\/pages\/110\/revisions"}],"predecessor-version":[{"id":395,"href":"https:\/\/grupodesarrollo.com\/index.php?rest_route=\/wp\/v2\/pages\/110\/revisions\/395"}],"wp:attachment":[{"href":"https:\/\/grupodesarrollo.com\/index.php?rest_route=%2Fwp%2Fv2%2Fmedia&parent=110"}],"curies":[{"name":"wp","href":"https:\/\/api.w.org\/{rel}","templated":true}]}}