{"id":153,"date":"2021-03-31T21:33:31","date_gmt":"2021-03-31T21:33:31","guid":{"rendered":"https:\/\/grupodesarrollo.com\/?page_id=153"},"modified":"2023-01-19T11:33:59","modified_gmt":"2023-01-19T11:33:59","slug":"gasificantes","status":"publish","type":"page","link":"https:\/\/grupodesarrollo.com\/?page_id=153","title":{"rendered":"Investigaci\u00f3n y Desarrollo"},"content":{"rendered":"\n<h2 class=\"has-small-font-size wp-block-heading\"><strong>D\u00eda a d\u00eda, nuestro equipo I+D trabaja para descubrir los m\u00e9todos y t\u00e9cnicas m\u00e1s novedosos en aplicaciones alimentarias. Con m\u00e1s de 25 a\u00f1os de experiencia ofrecemos soluciones para hacer el trabajo m\u00e1s f\u00e1cil<\/strong><\/h2>\n","protected":false},"excerpt":{"rendered":"<p>D\u00eda a d\u00eda, nuestro equipo I+D trabaja para descubrir los m\u00e9todos y t\u00e9cnicas m\u00e1s novedosos en aplicaciones alimentarias. Con m\u00e1s de 25 a\u00f1os de experiencia ofrecemos soluciones para hacer el trabajo m\u00e1s f\u00e1cil<\/p>\n","protected":false},"author":1,"featured_media":0,"parent":0,"menu_order":0,"comment_status":"closed","ping_status":"closed","template":"","meta":{"footnotes":""},"class_list":["post-153","page","type-page","status-publish","hentry","entry"],"_links":{"self":[{"href":"https:\/\/grupodesarrollo.com\/index.php?rest_route=\/wp\/v2\/pages\/153","targetHints":{"allow":["GET"]}}],"collection":[{"href":"https:\/\/grupodesarrollo.com\/index.php?rest_route=\/wp\/v2\/pages"}],"about":[{"href":"https:\/\/grupodesarrollo.com\/index.php?rest_route=\/wp\/v2\/types\/page"}],"author":[{"embeddable":true,"href":"https:\/\/grupodesarrollo.com\/index.php?rest_route=\/wp\/v2\/users\/1"}],"replies":[{"embeddable":true,"href":"https:\/\/grupodesarrollo.com\/index.php?rest_route=%2Fwp%2Fv2%2Fcomments&post=153"}],"version-history":[{"count":7,"href":"https:\/\/grupodesarrollo.com\/index.php?rest_route=\/wp\/v2\/pages\/153\/revisions"}],"predecessor-version":[{"id":358,"href":"https:\/\/grupodesarrollo.com\/index.php?rest_route=\/wp\/v2\/pages\/153\/revisions\/358"}],"wp:attachment":[{"href":"https:\/\/grupodesarrollo.com\/index.php?rest_route=%2Fwp%2Fv2%2Fmedia&parent=153"}],"curies":[{"name":"wp","href":"https:\/\/api.w.org\/{rel}","templated":true}]}}