{"id":2,"date":"2016-05-10T03:48:21","date_gmt":"2016-05-10T03:48:21","guid":{"rendered":"https:\/\/grupodesarrollo.com\/?page_id=2"},"modified":"2026-01-12T11:26:39","modified_gmt":"2026-01-12T11:26:39","slug":"sample-page","status":"publish","type":"page","link":"https:\/\/grupodesarrollo.com\/?page_id=2","title":{"rendered":"\u00bfQui\u00e9nes somos?"},"content":{"rendered":"\n<h2 class=\"wp-block-heading has-small-font-size\"><strong>Grupo Desarrollo es una asociaci\u00f3n de empresas, que se han marcado l\u00edneas estrat\u00e9gicas coincidentes, cuyo mercado potencial se centra en la Investigaci\u00f3n, desarrollo, innovaci\u00f3n, producci\u00f3n, venta y distribuci\u00f3n de productos alimentarios, especialmente en el sector de panader\u00eda, boller\u00eda y pasteler\u00eda. <\/strong><\/h2>\n\n\n\n<h2 class=\"wp-block-heading has-small-font-size\">La profunda transformaci\u00f3n que vive nuestro sector en todos sus \u00e1mbitos ha permitido implantar una filosof\u00eda de trabajo en los profesionales que d\u00eda a d\u00eda nos esforzamos por desarrollar productos de calidad acorde con los est\u00e1ndares demandados por una sociedad cada vez m\u00e1s exigente. Es por ello que la empresa cuenta con un sistema de calidad basado en el est\u00e1ndar internacional IFS. <\/h2>\n\n\n\n<h2 class=\"wp-block-heading has-small-font-size\">Grupo Desarrollo consolida su crecimiento en el mercado nacional e internacional gracias a la firme apuesta asumida por la compa\u00f1\u00eda para mantener unos elevados niveles de calidad fruto de la experiencia y la investigaci\u00f3n en todos los procesos productivos. <\/h2>\n\n\n\n<h2 class=\"wp-block-heading has-small-font-size\">Nuestra Compa\u00f1\u00eda aglutina un nutrido grupo de profesionales con m\u00e1s de 25 a\u00f1os de experiencia en el sector para dar como resultado la elaboraci\u00f3n de productos que ofrecen respuesta a las necesidades de los profesionales y de un consumidor altamente exigente. <\/h2>\n\n\n\n<h2 class=\"wp-block-heading has-small-font-size\">La b\u00fasqueda permanente de las materias primas m\u00e1s naturales, hacen a Grupo Desarrollo acreedor de un alto respeto por el medio ambiente, nuestro proceso de revisi\u00f3n y aplicaci\u00f3n de las m\u00e1s modernas tecnolog\u00edas es para nosotros una constante, que nos permite ofrecer cada d\u00eda m\u00e1s y mejores productos, en nuestras Instalaciones aplicamos las tecnolog\u00edas m\u00e1s avanzadas para poder ofrecer el mejor fabricado. <\/h2>\n\n\n\n<figure class=\"wp-block-gallery has-nested-images columns-default is-cropped wp-block-gallery-1 is-layout-flex wp-block-gallery-is-layout-flex\">\n<figure class=\"wp-block-image size-large\"><img loading=\"lazy\" decoding=\"async\" width=\"961\" height=\"318\" data-id=\"60\" src=\"https:\/\/grupodesarrollo.com\/wp-content\/uploads\/2021\/03\/image5.jpg\" alt=\"\" class=\"wp-image-60\" srcset=\"https:\/\/grupodesarrollo.com\/wp-content\/uploads\/2021\/03\/image5.jpg 961w, https:\/\/grupodesarrollo.com\/wp-content\/uploads\/2021\/03\/image5-300x99.jpg 300w, https:\/\/grupodesarrollo.com\/wp-content\/uploads\/2021\/03\/image5-768x254.jpg 768w\" sizes=\"auto, (max-width: 961px) 100vw, 961px\" \/><\/figure>\n<\/figure>\n\n\n\n<h2 class=\"wp-block-heading has-large-font-size\">CALIDAD:<\/h2>\n\n\n\n<h2 class=\"wp-block-heading has-small-font-size\">Lo m\u00e1s importante es la seguridad y la confianza de nuestros clientes, con esta finalidad nuestra empresa mantiene d\u00eda a d\u00eda un sistema de Calidad certificado en IFS, adem\u00e1s de contar con una estricta pol\u00edtica de Calidad y Seguridad alimentaria. <\/h2>\n\n\n\n<figure class=\"wp-block-gallery aligncenter has-nested-images columns-default is-cropped wp-block-gallery-2 is-layout-flex wp-block-gallery-is-layout-flex\">\n<figure class=\"wp-block-image size-large\"><img loading=\"lazy\" decoding=\"async\" width=\"1024\" height=\"695\" data-id=\"368\" src=\"https:\/\/grupodesarrollo.com\/wp-content\/uploads\/2026\/01\/IFS_Progress-1024x695.png\" alt=\"\" class=\"wp-image-368\" srcset=\"https:\/\/grupodesarrollo.com\/wp-content\/uploads\/2026\/01\/IFS_Progress-1024x695.png 1024w, https:\/\/grupodesarrollo.com\/wp-content\/uploads\/2026\/01\/IFS_Progress-300x204.png 300w, https:\/\/grupodesarrollo.com\/wp-content\/uploads\/2026\/01\/IFS_Progress-768x521.png 768w, https:\/\/grupodesarrollo.com\/wp-content\/uploads\/2026\/01\/IFS_Progress-1536x1042.png 1536w, https:\/\/grupodesarrollo.com\/wp-content\/uploads\/2026\/01\/IFS_Progress-1200x814.png 1200w, https:\/\/grupodesarrollo.com\/wp-content\/uploads\/2026\/01\/IFS_Progress.png 1552w\" sizes=\"auto, (max-width: 1024px) 100vw, 1024px\" \/><\/figure>\n<\/figure>\n\n\n\n<div class=\"wp-block-group\"><div class=\"wp-block-group__inner-container is-layout-constrained wp-block-group-is-layout-constrained\">\n<h2 class=\"wp-block-heading has-large-font-size\">INNOVACI\u00d3N<\/h2>\n\n\n\n<h2 class=\"wp-block-heading has-small-font-size\">Experiencia e innovaci\u00f3n, investigaci\u00f3n y desarrollo. Estas son las claves que caracterizan a&nbsp;Grupo Desarrollo. Una empresa que marca tendencia en nuestro sector, con un objetivo: \u00abHacer el trabajo m\u00e1s f\u00e1cil\u00bb<\/h2>\n\n\n\n<figure class=\"wp-block-gallery has-nested-images columns-default is-cropped wp-block-gallery-3 is-layout-flex wp-block-gallery-is-layout-flex\">\n<figure class=\"wp-block-image size-full is-style-rounded\"><img loading=\"lazy\" decoding=\"async\" width=\"1024\" height=\"1024\" data-id=\"369\" src=\"https:\/\/grupodesarrollo.com\/wp-content\/uploads\/2026\/01\/Gemini_Generated_Image_m9i9aim9i9aim9i9.png\" alt=\"\" class=\"wp-image-369\" srcset=\"https:\/\/grupodesarrollo.com\/wp-content\/uploads\/2026\/01\/Gemini_Generated_Image_m9i9aim9i9aim9i9.png 1024w, https:\/\/grupodesarrollo.com\/wp-content\/uploads\/2026\/01\/Gemini_Generated_Image_m9i9aim9i9aim9i9-300x300.png 300w, https:\/\/grupodesarrollo.com\/wp-content\/uploads\/2026\/01\/Gemini_Generated_Image_m9i9aim9i9aim9i9-150x150.png 150w, https:\/\/grupodesarrollo.com\/wp-content\/uploads\/2026\/01\/Gemini_Generated_Image_m9i9aim9i9aim9i9-768x768.png 768w\" sizes=\"auto, (max-width: 1024px) 100vw, 1024px\" \/><\/figure>\n<\/figure>\n<\/div><\/div>\n\n\n\n<h2 class=\"wp-block-heading has-small-font-size\">En nuestras instalaciones aplicamos las tecnolog\u00edas m\u00e1s avanzadas para poder lograr el mejor fabricado, lo que nos permite ofrecer cada d\u00eda, m\u00e1s y mejores productos.<\/h2>\n\n\n\n<h2 class=\"wp-block-heading has-small-font-size\">De pensar que cada cliente es un proyecto, surge la necesidad de elaborar productos a medida y completamente personalizados. <\/h2>\n\n\n\n<figure class=\"wp-block-gallery has-nested-images columns-default is-cropped wp-block-gallery-4 is-layout-flex wp-block-gallery-is-layout-flex\">\n<figure class=\"wp-block-image size-large\"><img loading=\"lazy\" decoding=\"async\" width=\"965\" height=\"322\" data-id=\"58\" src=\"https:\/\/grupodesarrollo.com\/wp-content\/uploads\/2021\/03\/image3.jpg\" alt=\"\" class=\"wp-image-58\" srcset=\"https:\/\/grupodesarrollo.com\/wp-content\/uploads\/2021\/03\/image3.jpg 965w, https:\/\/grupodesarrollo.com\/wp-content\/uploads\/2021\/03\/image3-300x100.jpg 300w, https:\/\/grupodesarrollo.com\/wp-content\/uploads\/2021\/03\/image3-768x256.jpg 768w\" sizes=\"auto, (max-width: 965px) 100vw, 965px\" \/><\/figure>\n<\/figure>\n","protected":false},"excerpt":{"rendered":"<p>Grupo Desarrollo es una asociaci\u00f3n de empresas, que se han marcado l\u00edneas estrat\u00e9gicas coincidentes, cuyo mercado potencial se centra en la Investigaci\u00f3n, desarrollo, innovaci\u00f3n, producci\u00f3n, venta y distribuci\u00f3n de productos alimentarios, especialmente en el sector de panader\u00eda, boller\u00eda y pasteler\u00eda. La profunda transformaci\u00f3n que vive nuestro sector en todos sus \u00e1mbitos ha permitido implantar una [&hellip;]<\/p>\n","protected":false},"author":1,"featured_media":0,"parent":0,"menu_order":0,"comment_status":"closed","ping_status":"open","template":"templates\/landing.php","meta":{"footnotes":""},"class_list":["post-2","page","type-page","status-publish","hentry","entry"],"_links":{"self":[{"href":"https:\/\/grupodesarrollo.com\/index.php?rest_route=\/wp\/v2\/pages\/2","targetHints":{"allow":["GET"]}}],"collection":[{"href":"https:\/\/grupodesarrollo.com\/index.php?rest_route=\/wp\/v2\/pages"}],"about":[{"href":"https:\/\/grupodesarrollo.com\/index.php?rest_route=\/wp\/v2\/types\/page"}],"author":[{"embeddable":true,"href":"https:\/\/grupodesarrollo.com\/index.php?rest_route=\/wp\/v2\/users\/1"}],"replies":[{"embeddable":true,"href":"https:\/\/grupodesarrollo.com\/index.php?rest_route=%2Fwp%2Fv2%2Fcomments&post=2"}],"version-history":[{"count":19,"href":"https:\/\/grupodesarrollo.com\/index.php?rest_route=\/wp\/v2\/pages\/2\/revisions"}],"predecessor-version":[{"id":370,"href":"https:\/\/grupodesarrollo.com\/index.php?rest_route=\/wp\/v2\/pages\/2\/revisions\/370"}],"wp:attachment":[{"href":"https:\/\/grupodesarrollo.com\/index.php?rest_route=%2Fwp%2Fv2%2Fmedia&parent=2"}],"curies":[{"name":"wp","href":"https:\/\/api.w.org\/{rel}","templated":true}]}}